{"id":7008,"date":"2026-04-17T09:38:51","date_gmt":"2026-04-17T09:38:51","guid":{"rendered":"https:\/\/feelfreestays.com\/?page_id=7008"},"modified":"2026-04-29T07:46:38","modified_gmt":"2026-04-29T07:46:38","slug":"bienvenue-chez-feelfree-stays-antiguo","status":"publish","type":"page","link":"https:\/\/feelfreestays.com\/fr\/bienvenue-chez-feelfree-stays-antiguo\/","title":{"rendered":"Bienvenue chez FeelFree STAYS Antiguo"},"content":{"rendered":"","protected":false},"excerpt":{"rendered":"","protected":false},"author":10,"featured_media":0,"parent":0,"menu_order":0,"comment_status":"closed","ping_status":"closed","template":"","meta":{"_acf_changed":false,"footnotes":""},"class_list":["post-7008","page","type-page","status-publish","hentry"],"acf":[],"yoast_head":"<!-- This site is optimized with the Yoast SEO plugin v27.4 - https:\/\/yoast.com\/product\/yoast-seo-wordpress\/ -->\n<title>FeelFree STAYS Antiguo | Votre pension boutique \u00e0 San Sebasti\u00e1n<\/title>\n<meta name=\"description\" content=\"D\u00e9couvrez FeelFree STAYS Antiguo, votre pension-boutique \u00e0 San Sebasti\u00e1n. Choisissez votre suite modulaire, \u00e9co-responsable, avec kitchenette et espace suppl\u00e9mentaire.\" \/>\n<meta name=\"robots\" content=\"index, follow, max-snippet:-1, max-image-preview:large, max-video-preview:-1\" \/>\n<link rel=\"canonical\" href=\"https:\/\/feelfreestays.com\/fr\/bienvenue-chez-feelfree-stays-antiguo\/\" \/>\n<meta property=\"og:locale\" content=\"fr_FR\" \/>\n<meta property=\"og:type\" content=\"article\" \/>\n<meta property=\"og:title\" content=\"FeelFree STAYS Antiguo | Votre pension boutique \u00e0 San Sebasti\u00e1n\" \/>\n<meta property=\"og:description\" content=\"D\u00e9couvrez FeelFree STAYS Antiguo, votre pension-boutique \u00e0 San Sebasti\u00e1n. Choisissez votre suite modulaire, \u00e9co-responsable, avec kitchenette et espace suppl\u00e9mentaire.\" \/>\n<meta property=\"og:url\" content=\"https:\/\/feelfreestays.com\/fr\/bienvenue-chez-feelfree-stays-antiguo\/\" \/>\n<meta property=\"og:site_name\" content=\"FeelFree STAYS\" \/>\n<meta property=\"article:modified_time\" content=\"2026-04-29T07:46:38+00:00\" \/>\n<meta name=\"twitter:card\" content=\"summary_large_image\" \/>\n<script type=\"application\/ld+json\" class=\"yoast-schema-graph\">{\"@context\":\"https:\\\/\\\/schema.org\",\"@graph\":[{\"@type\":\"WebPage\",\"@id\":\"https:\\\/\\\/feelfreestays.com\\\/fr\\\/bienvenue-chez-feelfree-stays-antiguo\\\/\",\"url\":\"https:\\\/\\\/feelfreestays.com\\\/fr\\\/bienvenue-chez-feelfree-stays-antiguo\\\/\",\"name\":\"FeelFree STAYS Antiguo | Votre pension boutique \u00e0 San Sebasti\u00e1n\",\"isPartOf\":{\"@id\":\"https:\\\/\\\/feelfreestays.com\\\/fr\\\/#website\"},\"datePublished\":\"2026-04-17T09:38:51+00:00\",\"dateModified\":\"2026-04-29T07:46:38+00:00\",\"description\":\"D\u00e9couvrez FeelFree STAYS Antiguo, votre pension-boutique \u00e0 San Sebasti\u00e1n. Choisissez votre suite modulaire, \u00e9co-responsable, avec kitchenette et espace suppl\u00e9mentaire.\",\"breadcrumb\":{\"@id\":\"https:\\\/\\\/feelfreestays.com\\\/fr\\\/bienvenue-chez-feelfree-stays-antiguo\\\/#breadcrumb\"},\"inLanguage\":\"fr-FR\",\"potentialAction\":[{\"@type\":\"ReadAction\",\"target\":[\"https:\\\/\\\/feelfreestays.com\\\/fr\\\/bienvenue-chez-feelfree-stays-antiguo\\\/\"]}]},{\"@type\":\"BreadcrumbList\",\"@id\":\"https:\\\/\\\/feelfreestays.com\\\/fr\\\/bienvenue-chez-feelfree-stays-antiguo\\\/#breadcrumb\",\"itemListElement\":[{\"@type\":\"ListItem\",\"position\":1,\"name\":\"Portada\",\"item\":\"https:\\\/\\\/feelfreestays.com\\\/fr\\\/\"},{\"@type\":\"ListItem\",\"position\":2,\"name\":\"Bienvenue chez FeelFree STAYS Antiguo\"}]},{\"@type\":\"WebSite\",\"@id\":\"https:\\\/\\\/feelfreestays.com\\\/fr\\\/#website\",\"url\":\"https:\\\/\\\/feelfreestays.com\\\/fr\\\/\",\"name\":\"FeelFree STAYS\",\"description\":\"Pensiones boutique y apartahoteles urbanos.\",\"potentialAction\":[{\"@type\":\"SearchAction\",\"target\":{\"@type\":\"EntryPoint\",\"urlTemplate\":\"https:\\\/\\\/feelfreestays.com\\\/fr\\\/?s={search_term_string}\"},\"query-input\":{\"@type\":\"PropertyValueSpecification\",\"valueRequired\":true,\"valueName\":\"search_term_string\"}}],\"inLanguage\":\"fr-FR\"}]}<\/script>\n<!-- \/ Yoast SEO plugin. -->","yoast_head_json":{"title":"FeelFree STAYS Antiguo | Votre pension boutique \u00e0 San Sebasti\u00e1n","description":"D\u00e9couvrez FeelFree STAYS Antiguo, votre pension-boutique \u00e0 San Sebasti\u00e1n. Choisissez votre suite modulaire, \u00e9co-responsable, avec kitchenette et espace suppl\u00e9mentaire.","robots":{"index":"index","follow":"follow","max-snippet":"max-snippet:-1","max-image-preview":"max-image-preview:large","max-video-preview":"max-video-preview:-1"},"canonical":"https:\/\/feelfreestays.com\/fr\/bienvenue-chez-feelfree-stays-antiguo\/","og_locale":"fr_FR","og_type":"article","og_title":"FeelFree STAYS Antiguo | Votre pension boutique \u00e0 San Sebasti\u00e1n","og_description":"D\u00e9couvrez FeelFree STAYS Antiguo, votre pension-boutique \u00e0 San Sebasti\u00e1n. Choisissez votre suite modulaire, \u00e9co-responsable, avec kitchenette et espace suppl\u00e9mentaire.","og_url":"https:\/\/feelfreestays.com\/fr\/bienvenue-chez-feelfree-stays-antiguo\/","og_site_name":"FeelFree STAYS","article_modified_time":"2026-04-29T07:46:38+00:00","twitter_card":"summary_large_image","schema":{"@context":"https:\/\/schema.org","@graph":[{"@type":"WebPage","@id":"https:\/\/feelfreestays.com\/fr\/bienvenue-chez-feelfree-stays-antiguo\/","url":"https:\/\/feelfreestays.com\/fr\/bienvenue-chez-feelfree-stays-antiguo\/","name":"FeelFree STAYS Antiguo | Votre pension boutique \u00e0 San Sebasti\u00e1n","isPartOf":{"@id":"https:\/\/feelfreestays.com\/fr\/#website"},"datePublished":"2026-04-17T09:38:51+00:00","dateModified":"2026-04-29T07:46:38+00:00","description":"D\u00e9couvrez FeelFree STAYS Antiguo, votre pension-boutique \u00e0 San Sebasti\u00e1n. Choisissez votre suite modulaire, \u00e9co-responsable, avec kitchenette et espace suppl\u00e9mentaire.","breadcrumb":{"@id":"https:\/\/feelfreestays.com\/fr\/bienvenue-chez-feelfree-stays-antiguo\/#breadcrumb"},"inLanguage":"fr-FR","potentialAction":[{"@type":"ReadAction","target":["https:\/\/feelfreestays.com\/fr\/bienvenue-chez-feelfree-stays-antiguo\/"]}]},{"@type":"BreadcrumbList","@id":"https:\/\/feelfreestays.com\/fr\/bienvenue-chez-feelfree-stays-antiguo\/#breadcrumb","itemListElement":[{"@type":"ListItem","position":1,"name":"Portada","item":"https:\/\/feelfreestays.com\/fr\/"},{"@type":"ListItem","position":2,"name":"Bienvenue chez FeelFree STAYS Antiguo"}]},{"@type":"WebSite","@id":"https:\/\/feelfreestays.com\/fr\/#website","url":"https:\/\/feelfreestays.com\/fr\/","name":"FeelFree STAYS","description":"Pensiones boutique y apartahoteles urbanos.","potentialAction":[{"@type":"SearchAction","target":{"@type":"EntryPoint","urlTemplate":"https:\/\/feelfreestays.com\/fr\/?s={search_term_string}"},"query-input":{"@type":"PropertyValueSpecification","valueRequired":true,"valueName":"search_term_string"}}],"inLanguage":"fr-FR"}]}},"_links":{"self":[{"href":"https:\/\/feelfreestays.com\/fr\/wp-json\/wp\/v2\/pages\/7008","targetHints":{"allow":["GET"]}}],"collection":[{"href":"https:\/\/feelfreestays.com\/fr\/wp-json\/wp\/v2\/pages"}],"about":[{"href":"https:\/\/feelfreestays.com\/fr\/wp-json\/wp\/v2\/types\/page"}],"author":[{"embeddable":true,"href":"https:\/\/feelfreestays.com\/fr\/wp-json\/wp\/v2\/users\/10"}],"replies":[{"embeddable":true,"href":"https:\/\/feelfreestays.com\/fr\/wp-json\/wp\/v2\/comments?post=7008"}],"version-history":[{"count":8,"href":"https:\/\/feelfreestays.com\/fr\/wp-json\/wp\/v2\/pages\/7008\/revisions"}],"predecessor-version":[{"id":7094,"href":"https:\/\/feelfreestays.com\/fr\/wp-json\/wp\/v2\/pages\/7008\/revisions\/7094"}],"wp:attachment":[{"href":"https:\/\/feelfreestays.com\/fr\/wp-json\/wp\/v2\/media?parent=7008"}],"curies":[{"name":"wp","href":"https:\/\/api.w.org\/{rel}","templated":true}]}}