{"id":7066,"date":"2026-04-29T07:44:44","date_gmt":"2026-04-29T07:44:44","guid":{"rendered":"https:\/\/feelfreestays.com\/?page_id=7066"},"modified":"2026-04-29T07:44:45","modified_gmt":"2026-04-29T07:44:45","slug":"bienvenue-chez-feelfree-stays-basoa","status":"publish","type":"page","link":"https:\/\/feelfreestays.com\/fr\/bienvenue-chez-feelfree-stays-basoa\/","title":{"rendered":"Bienvenue chez FeelFree STAYS Basoa"},"content":{"rendered":"","protected":false},"excerpt":{"rendered":"","protected":false},"author":10,"featured_media":0,"parent":0,"menu_order":0,"comment_status":"closed","ping_status":"closed","template":"","meta":{"_acf_changed":false,"footnotes":""},"class_list":["post-7066","page","type-page","status-publish","hentry"],"acf":[],"yoast_head":"<!-- This site is optimized with the Yoast SEO plugin v27.4 - https:\/\/yoast.com\/product\/yoast-seo-wordpress\/ -->\n<title>FeelFree STAYS Basoa | Votre nouvel appart\u2019h\u00f4tel \u00e0 San Sebasti\u00e1n<\/title>\n<meta name=\"description\" content=\"D\u00e9couvrez FeelFree STAYS Basoa, un appart\u2019h\u00f4tel avec espaces communs et services h\u00f4teliers \u00e0 San Sebasti\u00e1n, entour\u00e9 de nature et \u00e0 deux pas du centre-ville.\" \/>\n<meta name=\"robots\" content=\"index, follow, max-snippet:-1, max-image-preview:large, max-video-preview:-1\" \/>\n<link rel=\"canonical\" href=\"https:\/\/feelfreestays.com\/fr\/bienvenue-chez-feelfree-stays-basoa\/\" \/>\n<meta property=\"og:locale\" content=\"fr_FR\" \/>\n<meta property=\"og:type\" content=\"article\" \/>\n<meta property=\"og:title\" content=\"FeelFree STAYS Basoa | Votre nouvel appart\u2019h\u00f4tel \u00e0 San Sebasti\u00e1n\" \/>\n<meta property=\"og:description\" content=\"D\u00e9couvrez FeelFree STAYS Basoa, un appart\u2019h\u00f4tel avec espaces communs et services h\u00f4teliers \u00e0 San Sebasti\u00e1n, entour\u00e9 de nature et \u00e0 deux pas du centre-ville.\" \/>\n<meta property=\"og:url\" content=\"https:\/\/feelfreestays.com\/fr\/bienvenue-chez-feelfree-stays-basoa\/\" \/>\n<meta property=\"og:site_name\" content=\"FeelFree STAYS\" \/>\n<meta property=\"article:modified_time\" content=\"2026-04-29T07:44:45+00:00\" \/>\n<meta name=\"twitter:card\" content=\"summary_large_image\" \/>\n<script type=\"application\/ld+json\" class=\"yoast-schema-graph\">{\"@context\":\"https:\\\/\\\/schema.org\",\"@graph\":[{\"@type\":\"WebPage\",\"@id\":\"https:\\\/\\\/feelfreestays.com\\\/fr\\\/bienvenue-chez-feelfree-stays-basoa\\\/\",\"url\":\"https:\\\/\\\/feelfreestays.com\\\/fr\\\/bienvenue-chez-feelfree-stays-basoa\\\/\",\"name\":\"FeelFree STAYS Basoa | Votre nouvel appart\u2019h\u00f4tel \u00e0 San Sebasti\u00e1n\",\"isPartOf\":{\"@id\":\"https:\\\/\\\/feelfreestays.com\\\/fr\\\/#website\"},\"datePublished\":\"2026-04-29T07:44:44+00:00\",\"dateModified\":\"2026-04-29T07:44:45+00:00\",\"description\":\"D\u00e9couvrez FeelFree STAYS Basoa, un appart\u2019h\u00f4tel avec espaces communs et services h\u00f4teliers \u00e0 San Sebasti\u00e1n, entour\u00e9 de nature et \u00e0 deux pas du centre-ville.\",\"breadcrumb\":{\"@id\":\"https:\\\/\\\/feelfreestays.com\\\/fr\\\/bienvenue-chez-feelfree-stays-basoa\\\/#breadcrumb\"},\"inLanguage\":\"fr-FR\",\"potentialAction\":[{\"@type\":\"ReadAction\",\"target\":[\"https:\\\/\\\/feelfreestays.com\\\/fr\\\/bienvenue-chez-feelfree-stays-basoa\\\/\"]}]},{\"@type\":\"BreadcrumbList\",\"@id\":\"https:\\\/\\\/feelfreestays.com\\\/fr\\\/bienvenue-chez-feelfree-stays-basoa\\\/#breadcrumb\",\"itemListElement\":[{\"@type\":\"ListItem\",\"position\":1,\"name\":\"Portada\",\"item\":\"https:\\\/\\\/feelfreestays.com\\\/fr\\\/\"},{\"@type\":\"ListItem\",\"position\":2,\"name\":\"Bienvenue chez FeelFree STAYS Basoa\"}]},{\"@type\":\"WebSite\",\"@id\":\"https:\\\/\\\/feelfreestays.com\\\/fr\\\/#website\",\"url\":\"https:\\\/\\\/feelfreestays.com\\\/fr\\\/\",\"name\":\"FeelFree STAYS\",\"description\":\"Pensiones boutique y apartahoteles urbanos.\",\"potentialAction\":[{\"@type\":\"SearchAction\",\"target\":{\"@type\":\"EntryPoint\",\"urlTemplate\":\"https:\\\/\\\/feelfreestays.com\\\/fr\\\/?s={search_term_string}\"},\"query-input\":{\"@type\":\"PropertyValueSpecification\",\"valueRequired\":true,\"valueName\":\"search_term_string\"}}],\"inLanguage\":\"fr-FR\"}]}<\/script>\n<!-- \/ Yoast SEO plugin. -->","yoast_head_json":{"title":"FeelFree STAYS Basoa | Votre nouvel appart\u2019h\u00f4tel \u00e0 San Sebasti\u00e1n","description":"D\u00e9couvrez FeelFree STAYS Basoa, un appart\u2019h\u00f4tel avec espaces communs et services h\u00f4teliers \u00e0 San Sebasti\u00e1n, entour\u00e9 de nature et \u00e0 deux pas du centre-ville.","robots":{"index":"index","follow":"follow","max-snippet":"max-snippet:-1","max-image-preview":"max-image-preview:large","max-video-preview":"max-video-preview:-1"},"canonical":"https:\/\/feelfreestays.com\/fr\/bienvenue-chez-feelfree-stays-basoa\/","og_locale":"fr_FR","og_type":"article","og_title":"FeelFree STAYS Basoa | Votre nouvel appart\u2019h\u00f4tel \u00e0 San Sebasti\u00e1n","og_description":"D\u00e9couvrez FeelFree STAYS Basoa, un appart\u2019h\u00f4tel avec espaces communs et services h\u00f4teliers \u00e0 San Sebasti\u00e1n, entour\u00e9 de nature et \u00e0 deux pas du centre-ville.","og_url":"https:\/\/feelfreestays.com\/fr\/bienvenue-chez-feelfree-stays-basoa\/","og_site_name":"FeelFree STAYS","article_modified_time":"2026-04-29T07:44:45+00:00","twitter_card":"summary_large_image","schema":{"@context":"https:\/\/schema.org","@graph":[{"@type":"WebPage","@id":"https:\/\/feelfreestays.com\/fr\/bienvenue-chez-feelfree-stays-basoa\/","url":"https:\/\/feelfreestays.com\/fr\/bienvenue-chez-feelfree-stays-basoa\/","name":"FeelFree STAYS Basoa | Votre nouvel appart\u2019h\u00f4tel \u00e0 San Sebasti\u00e1n","isPartOf":{"@id":"https:\/\/feelfreestays.com\/fr\/#website"},"datePublished":"2026-04-29T07:44:44+00:00","dateModified":"2026-04-29T07:44:45+00:00","description":"D\u00e9couvrez FeelFree STAYS Basoa, un appart\u2019h\u00f4tel avec espaces communs et services h\u00f4teliers \u00e0 San Sebasti\u00e1n, entour\u00e9 de nature et \u00e0 deux pas du centre-ville.","breadcrumb":{"@id":"https:\/\/feelfreestays.com\/fr\/bienvenue-chez-feelfree-stays-basoa\/#breadcrumb"},"inLanguage":"fr-FR","potentialAction":[{"@type":"ReadAction","target":["https:\/\/feelfreestays.com\/fr\/bienvenue-chez-feelfree-stays-basoa\/"]}]},{"@type":"BreadcrumbList","@id":"https:\/\/feelfreestays.com\/fr\/bienvenue-chez-feelfree-stays-basoa\/#breadcrumb","itemListElement":[{"@type":"ListItem","position":1,"name":"Portada","item":"https:\/\/feelfreestays.com\/fr\/"},{"@type":"ListItem","position":2,"name":"Bienvenue chez FeelFree STAYS Basoa"}]},{"@type":"WebSite","@id":"https:\/\/feelfreestays.com\/fr\/#website","url":"https:\/\/feelfreestays.com\/fr\/","name":"FeelFree STAYS","description":"Pensiones boutique y apartahoteles urbanos.","potentialAction":[{"@type":"SearchAction","target":{"@type":"EntryPoint","urlTemplate":"https:\/\/feelfreestays.com\/fr\/?s={search_term_string}"},"query-input":{"@type":"PropertyValueSpecification","valueRequired":true,"valueName":"search_term_string"}}],"inLanguage":"fr-FR"}]}},"_links":{"self":[{"href":"https:\/\/feelfreestays.com\/fr\/wp-json\/wp\/v2\/pages\/7066","targetHints":{"allow":["GET"]}}],"collection":[{"href":"https:\/\/feelfreestays.com\/fr\/wp-json\/wp\/v2\/pages"}],"about":[{"href":"https:\/\/feelfreestays.com\/fr\/wp-json\/wp\/v2\/types\/page"}],"author":[{"embeddable":true,"href":"https:\/\/feelfreestays.com\/fr\/wp-json\/wp\/v2\/users\/10"}],"replies":[{"embeddable":true,"href":"https:\/\/feelfreestays.com\/fr\/wp-json\/wp\/v2\/comments?post=7066"}],"version-history":[{"count":5,"href":"https:\/\/feelfreestays.com\/fr\/wp-json\/wp\/v2\/pages\/7066\/revisions"}],"predecessor-version":[{"id":7093,"href":"https:\/\/feelfreestays.com\/fr\/wp-json\/wp\/v2\/pages\/7066\/revisions\/7093"}],"wp:attachment":[{"href":"https:\/\/feelfreestays.com\/fr\/wp-json\/wp\/v2\/media?parent=7066"}],"curies":[{"name":"wp","href":"https:\/\/api.w.org\/{rel}","templated":true}]}}