{"id":954,"date":"2023-09-15T10:31:08","date_gmt":"2023-09-15T10:31:08","guid":{"rendered":"https:\/\/feelfreestays.com\/home\/"},"modified":"2026-05-14T11:09:56","modified_gmt":"2026-05-14T11:09:56","slug":"alquiler-vacacional","status":"publish","type":"page","link":"https:\/\/feelfreestays.com\/fr\/","title":{"rendered":"Home"},"content":{"rendered":"","protected":false},"excerpt":{"rendered":"","protected":false},"author":2,"featured_media":5710,"parent":0,"menu_order":0,"comment_status":"closed","ping_status":"closed","template":"","meta":{"_acf_changed":false,"footnotes":""},"class_list":["post-954","page","type-page","status-publish","has-post-thumbnail","hentry"],"acf":[],"yoast_head":"<!-- This site is optimized with the Yoast SEO plugin v27.4 - https:\/\/yoast.com\/product\/yoast-seo-wordpress\/ -->\n<title>FeelFree STAYS | Appart&#039;h\u00f4tels et pensions de charme \u00e0 San Sebasti\u00e1n<\/title>\n<meta name=\"description\" content=\"FeelFree STAYS : Appart&#039;h\u00f4tels et pensions durables \u00e0 San Sebasti\u00e1n. Trouvez votre logement de luxe abordable pour quelques jours ou mois.\" \/>\n<meta name=\"robots\" content=\"index, follow, max-snippet:-1, max-image-preview:large, max-video-preview:-1\" \/>\n<link rel=\"canonical\" href=\"https:\/\/feelfreestays.com\/fr\/\" \/>\n<meta property=\"og:locale\" content=\"fr_FR\" \/>\n<meta property=\"og:type\" content=\"article\" \/>\n<meta property=\"og:title\" content=\"FeelFree STAYS | Appart&#039;h\u00f4tels et pensions de charme \u00e0 San Sebasti\u00e1n\" \/>\n<meta property=\"og:description\" content=\"FeelFree STAYS : Appart&#039;h\u00f4tels et pensions durables \u00e0 San Sebasti\u00e1n. Trouvez votre logement de luxe abordable pour quelques jours ou mois.\" \/>\n<meta property=\"og:url\" content=\"https:\/\/feelfreestays.com\/fr\/\" \/>\n<meta property=\"og:site_name\" content=\"FeelFree STAYS\" \/>\n<meta property=\"article:modified_time\" content=\"2026-05-14T11:09:56+00:00\" \/>\n<meta property=\"og:image\" content=\"https:\/\/feelfreestays.com\/wp-content\/uploads\/2025\/06\/habitacion-vistas-miramon-feelfree-stays-basoa-san-sebastian-apartahotel.jpg\" \/>\n\t<meta property=\"og:image:width\" content=\"1920\" \/>\n\t<meta property=\"og:image:height\" content=\"966\" \/>\n\t<meta property=\"og:image:type\" content=\"image\/jpeg\" \/>\n<meta name=\"twitter:card\" content=\"summary_large_image\" \/>\n<meta name=\"twitter:label1\" content=\"Dur\u00e9e de lecture estim\u00e9e\" \/>\n\t<meta name=\"twitter:data1\" content=\"1 minute\" \/>\n<script type=\"application\/ld+json\" class=\"yoast-schema-graph\">{\"@context\":\"https:\\\/\\\/schema.org\",\"@graph\":[{\"@type\":\"WebPage\",\"@id\":\"https:\\\/\\\/feelfreestays.com\\\/fr\\\/\",\"url\":\"https:\\\/\\\/feelfreestays.com\\\/fr\\\/\",\"name\":\"FeelFree STAYS | Appart'h\u00f4tels et pensions de charme \u00e0 San Sebasti\u00e1n\",\"isPartOf\":{\"@id\":\"https:\\\/\\\/feelfreestays.com\\\/fr\\\/#website\"},\"primaryImageOfPage\":{\"@id\":\"https:\\\/\\\/feelfreestays.com\\\/fr\\\/#primaryimage\"},\"image\":{\"@id\":\"https:\\\/\\\/feelfreestays.com\\\/fr\\\/#primaryimage\"},\"thumbnailUrl\":\"https:\\\/\\\/feelfreestays.com\\\/wp-content\\\/uploads\\\/2025\\\/06\\\/habitacion-vistas-miramon-feelfree-stays-basoa-san-sebastian-apartahotel.jpg\",\"datePublished\":\"2023-09-15T10:31:08+00:00\",\"dateModified\":\"2026-05-14T11:09:56+00:00\",\"description\":\"FeelFree STAYS : Appart'h\u00f4tels et pensions durables \u00e0 San Sebasti\u00e1n. Trouvez votre logement de luxe abordable pour quelques jours ou mois.\",\"breadcrumb\":{\"@id\":\"https:\\\/\\\/feelfreestays.com\\\/fr\\\/#breadcrumb\"},\"inLanguage\":\"fr-FR\",\"potentialAction\":[{\"@type\":\"ReadAction\",\"target\":[\"https:\\\/\\\/feelfreestays.com\\\/fr\\\/\"]}]},{\"@type\":\"ImageObject\",\"inLanguage\":\"fr-FR\",\"@id\":\"https:\\\/\\\/feelfreestays.com\\\/fr\\\/#primaryimage\",\"url\":\"https:\\\/\\\/feelfreestays.com\\\/wp-content\\\/uploads\\\/2025\\\/06\\\/habitacion-vistas-miramon-feelfree-stays-basoa-san-sebastian-apartahotel.jpg\",\"contentUrl\":\"https:\\\/\\\/feelfreestays.com\\\/wp-content\\\/uploads\\\/2025\\\/06\\\/habitacion-vistas-miramon-feelfree-stays-basoa-san-sebastian-apartahotel.jpg\",\"width\":1920,\"height\":966,\"caption\":\"Apartahotel FeelFree STAYS Basoa, en San Sebasti\u00e1n. Habitaci\u00f3n con balc\u00f3n y vistas a Miram\u00f3n.\"},{\"@type\":\"BreadcrumbList\",\"@id\":\"https:\\\/\\\/feelfreestays.com\\\/fr\\\/#breadcrumb\",\"itemListElement\":[{\"@type\":\"ListItem\",\"position\":1,\"name\":\"Portada\",\"item\":\"https:\\\/\\\/feelfreestays.com\\\/fr\\\/\"},{\"@type\":\"ListItem\",\"position\":2,\"name\":\"Home\"}]},{\"@type\":\"WebSite\",\"@id\":\"https:\\\/\\\/feelfreestays.com\\\/fr\\\/#website\",\"url\":\"https:\\\/\\\/feelfreestays.com\\\/fr\\\/\",\"name\":\"FeelFree STAYS\",\"description\":\"Pensiones boutique y apartahoteles urbanos.\",\"potentialAction\":[{\"@type\":\"SearchAction\",\"target\":{\"@type\":\"EntryPoint\",\"urlTemplate\":\"https:\\\/\\\/feelfreestays.com\\\/fr\\\/?s={search_term_string}\"},\"query-input\":{\"@type\":\"PropertyValueSpecification\",\"valueRequired\":true,\"valueName\":\"search_term_string\"}}],\"inLanguage\":\"fr-FR\"}]}<\/script>\n<!-- \/ Yoast SEO plugin. -->","yoast_head_json":{"title":"FeelFree STAYS | Appart'h\u00f4tels et pensions de charme \u00e0 San Sebasti\u00e1n","description":"FeelFree STAYS : Appart'h\u00f4tels et pensions durables \u00e0 San Sebasti\u00e1n. Trouvez votre logement de luxe abordable pour quelques jours ou mois.","robots":{"index":"index","follow":"follow","max-snippet":"max-snippet:-1","max-image-preview":"max-image-preview:large","max-video-preview":"max-video-preview:-1"},"canonical":"https:\/\/feelfreestays.com\/fr\/","og_locale":"fr_FR","og_type":"article","og_title":"FeelFree STAYS | Appart'h\u00f4tels et pensions de charme \u00e0 San Sebasti\u00e1n","og_description":"FeelFree STAYS : Appart'h\u00f4tels et pensions durables \u00e0 San Sebasti\u00e1n. Trouvez votre logement de luxe abordable pour quelques jours ou mois.","og_url":"https:\/\/feelfreestays.com\/fr\/","og_site_name":"FeelFree STAYS","article_modified_time":"2026-05-14T11:09:56+00:00","og_image":[{"width":1920,"height":966,"url":"https:\/\/feelfreestays.com\/wp-content\/uploads\/2025\/06\/habitacion-vistas-miramon-feelfree-stays-basoa-san-sebastian-apartahotel.jpg","type":"image\/jpeg"}],"twitter_card":"summary_large_image","twitter_misc":{"Dur\u00e9e de lecture estim\u00e9e":"1 minute"},"schema":{"@context":"https:\/\/schema.org","@graph":[{"@type":"WebPage","@id":"https:\/\/feelfreestays.com\/fr\/","url":"https:\/\/feelfreestays.com\/fr\/","name":"FeelFree STAYS | Appart'h\u00f4tels et pensions de charme \u00e0 San Sebasti\u00e1n","isPartOf":{"@id":"https:\/\/feelfreestays.com\/fr\/#website"},"primaryImageOfPage":{"@id":"https:\/\/feelfreestays.com\/fr\/#primaryimage"},"image":{"@id":"https:\/\/feelfreestays.com\/fr\/#primaryimage"},"thumbnailUrl":"https:\/\/feelfreestays.com\/wp-content\/uploads\/2025\/06\/habitacion-vistas-miramon-feelfree-stays-basoa-san-sebastian-apartahotel.jpg","datePublished":"2023-09-15T10:31:08+00:00","dateModified":"2026-05-14T11:09:56+00:00","description":"FeelFree STAYS : Appart'h\u00f4tels et pensions durables \u00e0 San Sebasti\u00e1n. Trouvez votre logement de luxe abordable pour quelques jours ou mois.","breadcrumb":{"@id":"https:\/\/feelfreestays.com\/fr\/#breadcrumb"},"inLanguage":"fr-FR","potentialAction":[{"@type":"ReadAction","target":["https:\/\/feelfreestays.com\/fr\/"]}]},{"@type":"ImageObject","inLanguage":"fr-FR","@id":"https:\/\/feelfreestays.com\/fr\/#primaryimage","url":"https:\/\/feelfreestays.com\/wp-content\/uploads\/2025\/06\/habitacion-vistas-miramon-feelfree-stays-basoa-san-sebastian-apartahotel.jpg","contentUrl":"https:\/\/feelfreestays.com\/wp-content\/uploads\/2025\/06\/habitacion-vistas-miramon-feelfree-stays-basoa-san-sebastian-apartahotel.jpg","width":1920,"height":966,"caption":"Apartahotel FeelFree STAYS Basoa, en San Sebasti\u00e1n. Habitaci\u00f3n con balc\u00f3n y vistas a Miram\u00f3n."},{"@type":"BreadcrumbList","@id":"https:\/\/feelfreestays.com\/fr\/#breadcrumb","itemListElement":[{"@type":"ListItem","position":1,"name":"Portada","item":"https:\/\/feelfreestays.com\/fr\/"},{"@type":"ListItem","position":2,"name":"Home"}]},{"@type":"WebSite","@id":"https:\/\/feelfreestays.com\/fr\/#website","url":"https:\/\/feelfreestays.com\/fr\/","name":"FeelFree STAYS","description":"Pensiones boutique y apartahoteles urbanos.","potentialAction":[{"@type":"SearchAction","target":{"@type":"EntryPoint","urlTemplate":"https:\/\/feelfreestays.com\/fr\/?s={search_term_string}"},"query-input":{"@type":"PropertyValueSpecification","valueRequired":true,"valueName":"search_term_string"}}],"inLanguage":"fr-FR"}]}},"_links":{"self":[{"href":"https:\/\/feelfreestays.com\/fr\/wp-json\/wp\/v2\/pages\/954","targetHints":{"allow":["GET"]}}],"collection":[{"href":"https:\/\/feelfreestays.com\/fr\/wp-json\/wp\/v2\/pages"}],"about":[{"href":"https:\/\/feelfreestays.com\/fr\/wp-json\/wp\/v2\/types\/page"}],"author":[{"embeddable":true,"href":"https:\/\/feelfreestays.com\/fr\/wp-json\/wp\/v2\/users\/2"}],"replies":[{"embeddable":true,"href":"https:\/\/feelfreestays.com\/fr\/wp-json\/wp\/v2\/comments?post=954"}],"version-history":[{"count":8,"href":"https:\/\/feelfreestays.com\/fr\/wp-json\/wp\/v2\/pages\/954\/revisions"}],"predecessor-version":[{"id":7183,"href":"https:\/\/feelfreestays.com\/fr\/wp-json\/wp\/v2\/pages\/954\/revisions\/7183"}],"wp:featuredmedia":[{"embeddable":true,"href":"https:\/\/feelfreestays.com\/fr\/wp-json\/wp\/v2\/media\/5710"}],"wp:attachment":[{"href":"https:\/\/feelfreestays.com\/fr\/wp-json\/wp\/v2\/media?parent=954"}],"curies":[{"name":"wp","href":"https:\/\/api.w.org\/{rel}","templated":true}]}}